{"id":141,"date":"2025-05-29T13:53:49","date_gmt":"2025-05-29T13:53:49","guid":{"rendered":"https:\/\/contabantu.com\/?page_id=141"},"modified":"2025-05-29T14:09:31","modified_gmt":"2025-05-29T14:09:31","slug":"aviator-elephant-bet-vs-bantubet","status":"publish","type":"page","link":"https:\/\/contabantu.com\/index.php\/aviator-elephant-bet-vs-bantubet\/","title":{"rendered":"Aviator Elephant Bet ou Bantubet? Descobre onde tens melhores ganhos!"},"content":{"rendered":"\n<p>Muitos apostadores procuram o jogo Aviator na Elephant Bet, mas poucos sabem que a <strong>Bantubet<\/strong> oferece uma experi\u00eancia mais r\u00e1pida, com b\u00f3nus maiores e suporte em tempo real. Se procuras seguran\u00e7a e efici\u00eancia, a Bantubet \u00e9 a tua casa!<\/p>\n\n\n\n<p><mark style=\"background-color:#ff6900\" class=\"has-inline-color has-white-color\">CLICA AQUI PARA OBTER B\u00d3NUS DE BOAS VINDAS AT\u00c9 50.000 KZ<\/mark><\/p>\n\n\n\n<p><\/p>\n\n\n\n<p><a href=\"https:\/\/www.bantubet.ao\" target=\"_blank\" rel=\"noreferrer noopener\">\ud83c\udfaf Jogar Aviator Agora na Bantubet<\/a><\/p>\n\n\n\n<p><\/p>\n","protected":false},"excerpt":{"rendered":"<p>Muitos apostadores procuram o jogo Aviator na Elephant Bet, mas poucos sabem que a Bantubet oferece uma experi\u00eancia mais r\u00e1pida, com b\u00f3nus maiores e suporte em tempo real. Se procuras seguran\u00e7a e efici\u00eancia, a Bantubet \u00e9 a tua casa! CLICA AQUI PARA OBTER B\u00d3NUS DE BOAS VINDAS AT\u00c9 50.000 KZ \ud83c\udfaf Jogar Aviator Agora na [&hellip;]<\/p>\n","protected":false},"author":1,"featured_media":143,"parent":0,"menu_order":0,"comment_status":"closed","ping_status":"closed","template":"","meta":[],"_links":{"self":[{"href":"https:\/\/contabantu.com\/index.php\/wp-json\/wp\/v2\/pages\/141"}],"collection":[{"href":"https:\/\/contabantu.com\/index.php\/wp-json\/wp\/v2\/pages"}],"about":[{"href":"https:\/\/contabantu.com\/index.php\/wp-json\/wp\/v2\/types\/page"}],"author":[{"embeddable":true,"href":"https:\/\/contabantu.com\/index.php\/wp-json\/wp\/v2\/users\/1"}],"replies":[{"embeddable":true,"href":"https:\/\/contabantu.com\/index.php\/wp-json\/wp\/v2\/comments?post=141"}],"version-history":[{"count":7,"href":"https:\/\/contabantu.com\/index.php\/wp-json\/wp\/v2\/pages\/141\/revisions"}],"predecessor-version":[{"id":152,"href":"https:\/\/contabantu.com\/index.php\/wp-json\/wp\/v2\/pages\/141\/revisions\/152"}],"wp:featuredmedia":[{"embeddable":true,"href":"https:\/\/contabantu.com\/index.php\/wp-json\/wp\/v2\/media\/143"}],"wp:attachment":[{"href":"https:\/\/contabantu.com\/index.php\/wp-json\/wp\/v2\/media?parent=141"}],"curies":[{"name":"wp","href":"https:\/\/api.w.org\/{rel}","templated":true}]}}