{"id":45,"date":"2024-01-25T02:03:29","date_gmt":"2024-01-25T02:03:29","guid":{"rendered":"https:\/\/contabantu.com\/?page_id=45"},"modified":"2024-01-25T02:03:30","modified_gmt":"2024-01-25T02:03:30","slug":"como-criar-uma-conta-na-bantubet","status":"publish","type":"page","link":"https:\/\/contabantu.com\/index.php\/como-criar-uma-conta-na-bantubet\/","title":{"rendered":"Como criar uma conta na Bantubet"},"content":{"rendered":"\n<p>Como criar uma conta na Bantu Bet de forma simples e discomplicada.<\/p>\n\n\n\n<p>Saiba agora neste artigo, como criar uma conta na Bantubet Angola \/<\/p>\n\n\n\n<figure class=\"wp-block-image size-large\"><img decoding=\"async\" loading=\"lazy\" width=\"1024\" height=\"1024\" src=\"https:\/\/contabantu.com\/wp-content\/uploads\/2024\/01\/a30b2a7c3273231b9cee8aee3cc5774a000bff26-1024x1024.jpg\" alt=\"\" class=\"wp-image-46\" srcset=\"https:\/\/contabantu.com\/wp-content\/uploads\/2024\/01\/a30b2a7c3273231b9cee8aee3cc5774a000bff26-1024x1024.jpg 1024w, https:\/\/contabantu.com\/wp-content\/uploads\/2024\/01\/a30b2a7c3273231b9cee8aee3cc5774a000bff26-300x300.jpg 300w, https:\/\/contabantu.com\/wp-content\/uploads\/2024\/01\/a30b2a7c3273231b9cee8aee3cc5774a000bff26-150x150.jpg 150w, https:\/\/contabantu.com\/wp-content\/uploads\/2024\/01\/a30b2a7c3273231b9cee8aee3cc5774a000bff26-768x768.jpg 768w, https:\/\/contabantu.com\/wp-content\/uploads\/2024\/01\/a30b2a7c3273231b9cee8aee3cc5774a000bff26.jpg 1080w\" sizes=\"(max-width: 1024px) 100vw, 1024px\" \/><\/figure>\n\n\n\n<div class=\"wp-block-cover is-light\"><span aria-hidden=\"true\" class=\"wp-block-cover__background has-background-dim\"><\/span><img decoding=\"async\" loading=\"lazy\" width=\"1280\" height=\"1280\" class=\"wp-block-cover__image-background wp-image-47\" alt=\"\" src=\"https:\/\/contabantu.com\/wp-content\/uploads\/2024\/01\/64b8a4fecbc60ab33d641b78fd03b0a60147cafd.jpg\" data-object-fit=\"cover\" srcset=\"https:\/\/contabantu.com\/wp-content\/uploads\/2024\/01\/64b8a4fecbc60ab33d641b78fd03b0a60147cafd.jpg 1280w, https:\/\/contabantu.com\/wp-content\/uploads\/2024\/01\/64b8a4fecbc60ab33d641b78fd03b0a60147cafd-300x300.jpg 300w, https:\/\/contabantu.com\/wp-content\/uploads\/2024\/01\/64b8a4fecbc60ab33d641b78fd03b0a60147cafd-1024x1024.jpg 1024w, https:\/\/contabantu.com\/wp-content\/uploads\/2024\/01\/64b8a4fecbc60ab33d641b78fd03b0a60147cafd-150x150.jpg 150w, https:\/\/contabantu.com\/wp-content\/uploads\/2024\/01\/64b8a4fecbc60ab33d641b78fd03b0a60147cafd-768x768.jpg 768w\" sizes=\"(max-width: 1280px) 100vw, 1280px\" \/><div class=\"wp-block-cover__inner-container\">\n<p class=\"has-text-align-center has-large-font-size\"><\/p>\n<\/div><\/div>\n\n\n\n<p><strong>Tempo necess\u00e1rio: 1 minuto<\/strong><\/p>\n\n\n\n<p>Para criar a sua conta basta seguir os seguintes passos:<\/p>\n\n\n\n<p>Basta Clicar Aqui para abrir o formul\u00e1rio de registo.<br>Preencher o formul\u00e1rio com os seus dados:<br>Senha: Crie uma senha para proteger a sua conta<br>Confirme a Senha: Repita a senha que criou<br>N\u00famero de Telefone: Digite o seu n\u00famero de telefone<\/p>\n\n\n\n<p>Clicar na caixa que diz \u201cTenho mais de 18 Anos\u2026\u201d<br>Clique na caixa para confirmar que \u00e9s maior de idade.<\/p>\n\n\n\n<p>Ap\u00f3s preencher \u00e9 s\u00f3 clicar no bot\u00e3o \u201cINSCREVER-SE\u201d<br>Ir\u00e1 receber uma mensagem no seu telefone com um c\u00f3digo para confirmar.<br>Basta digitar o c\u00f3digo e j\u00e1 est\u00e1, depois \u00e9 s\u00f3 fazer o seu primeiro dep\u00f3sito e come\u00e7ar a apostar.<\/p>\n\n\n\n<p>Se o seu primeiro Dep\u00f3sito for acima de 1.500 Kz receber\u00e1 um b\u00f3nus de 100% do valor depositado<\/p>\n\n\n\n<figure class=\"wp-block-image is-style-default\"><img alt=\"\"\/><\/figure>\n","protected":false},"excerpt":{"rendered":"<p>Como criar uma conta na Bantu Bet de forma simples e discomplicada. Saiba agora neste artigo, como criar uma conta na Bantubet Angola \/ Tempo necess\u00e1rio: 1 minuto Para criar a sua conta basta seguir os seguintes passos: Basta Clicar Aqui para abrir o formul\u00e1rio de registo.Preencher o formul\u00e1rio com os seus dados:Senha: Crie uma [&hellip;]<\/p>\n","protected":false},"author":1,"featured_media":0,"parent":0,"menu_order":0,"comment_status":"closed","ping_status":"closed","template":"","meta":[],"_links":{"self":[{"href":"https:\/\/contabantu.com\/index.php\/wp-json\/wp\/v2\/pages\/45"}],"collection":[{"href":"https:\/\/contabantu.com\/index.php\/wp-json\/wp\/v2\/pages"}],"about":[{"href":"https:\/\/contabantu.com\/index.php\/wp-json\/wp\/v2\/types\/page"}],"author":[{"embeddable":true,"href":"https:\/\/contabantu.com\/index.php\/wp-json\/wp\/v2\/users\/1"}],"replies":[{"embeddable":true,"href":"https:\/\/contabantu.com\/index.php\/wp-json\/wp\/v2\/comments?post=45"}],"version-history":[{"count":1,"href":"https:\/\/contabantu.com\/index.php\/wp-json\/wp\/v2\/pages\/45\/revisions"}],"predecessor-version":[{"id":48,"href":"https:\/\/contabantu.com\/index.php\/wp-json\/wp\/v2\/pages\/45\/revisions\/48"}],"wp:attachment":[{"href":"https:\/\/contabantu.com\/index.php\/wp-json\/wp\/v2\/media?parent=45"}],"curies":[{"name":"wp","href":"https:\/\/api.w.org\/{rel}","templated":true}]}}